{"id":1033,"date":"2023-06-05T20:27:24","date_gmt":"2023-06-05T20:27:24","guid":{"rendered":"https:\/\/chiladelasal.gob.mx\/web\/?page_id=1033"},"modified":"2023-06-05T20:44:18","modified_gmt":"2023-06-05T20:44:18","slug":"contratos-de-obra-2022","status":"publish","type":"page","link":"https:\/\/chiladelasal.gob.mx\/web\/transparencia\/contratos-de-obra-2022\/","title":{"rendered":"Contratos de Obra 2022"},"content":{"rendered":"\t\t<div data-elementor-type=\"wp-page\" data-elementor-id=\"1033\" class=\"elementor elementor-1033\">\n\t\t\t\t<div class=\"elementor-element elementor-element-65c8173 e-flex e-con-boxed e-con e-parent\" data-id=\"65c8173\" data-element_type=\"container\" data-e-type=\"container\">\n\t\t\t\t\t<div class=\"e-con-inner\">\n\t\t<div class=\"elementor-element elementor-element-b32fa68 e-con-full e-flex e-con e-child\" data-id=\"b32fa68\" data-element_type=\"container\" data-e-type=\"container\">\n\t\t\t\t<div class=\"elementor-element elementor-element-b752cd7 elementor-view-default elementor-position-block-start elementor-mobile-position-block-start elementor-widget elementor-widget-icon-box\" data-id=\"b752cd7\" data-element_type=\"widget\" data-e-type=\"widget\" data-widget_type=\"icon-box.default\">\n\t\t\t\t<div class=\"elementor-widget-container\">\n\t\t\t\t\t\t\t<div class=\"elementor-icon-box-wrapper\">\n\n\t\t\t\t\t\t<div class=\"elementor-icon-box-icon\">\n\t\t\t\t<a href=\"https:\/\/chiladelasal.gob.mx\/web\/transparencia\/contratos-de-obra-2022\/adjudicacion-directa\/\" class=\"elementor-icon\" tabindex=\"-1\" aria-label=\"Adjudicaci\u00f3n Directa\">\n\t\t\t\t<svg aria-hidden=\"true\" class=\"e-font-icon-svg e-far-folder-open\" viewBox=\"0 0 576 512\" xmlns=\"http:\/\/www.w3.org\/2000\/svg\"><path d=\"M527.9 224H480v-48c0-26.5-21.5-48-48-48H272l-64-64H48C21.5 64 0 85.5 0 112v288c0 26.5 21.5 48 48 48h400c16.5 0 31.9-8.5 40.7-22.6l79.9-128c20-31.9-3-73.4-40.7-73.4zM48 118c0-3.3 2.7-6 6-6h134.1l64 64H426c3.3 0 6 2.7 6 6v42H152c-16.8 0-32.4 8.8-41.1 23.2L48 351.4zm400 282H72l77.2-128H528z\"><\/path><\/svg>\t\t\t\t<\/a>\n\t\t\t<\/div>\n\t\t\t\n\t\t\t\t\t\t<div class=\"elementor-icon-box-content\">\n\n\t\t\t\t\t\t\t\t\t<h3 class=\"elementor-icon-box-title\">\n\t\t\t\t\t\t<a href=\"https:\/\/chiladelasal.gob.mx\/web\/transparencia\/contratos-de-obra-2022\/adjudicacion-directa\/\" >\n\t\t\t\t\t\t\tAdjudicaci\u00f3n Directa\t\t\t\t\t\t<\/a>\n\t\t\t\t\t<\/h3>\n\t\t\t\t\n\t\t\t\t\t\t\t\t\t<p class=\"elementor-icon-box-description\">\n\t\t\t\t\t\tContratos de Obra P\u00fablica 2022 que se llevaron a cabo a trav\u00e9s de Adjudicaci\u00f3n Directa\t\t\t\t\t<\/p>\n\t\t\t\t\n\t\t\t<\/div>\n\t\t\t\n\t\t<\/div>\n\t\t\t\t\t\t<\/div>\n\t\t\t\t<\/div>\n\t\t\t\t<\/div>\n\t\t<div class=\"elementor-element elementor-element-76257f4 e-con-full e-flex e-con e-child\" data-id=\"76257f4\" data-element_type=\"container\" data-e-type=\"container\">\n\t\t\t\t<div class=\"elementor-element elementor-element-aa560cc elementor-view-default elementor-position-block-start elementor-mobile-position-block-start elementor-widget elementor-widget-icon-box\" data-id=\"aa560cc\" data-element_type=\"widget\" data-e-type=\"widget\" data-widget_type=\"icon-box.default\">\n\t\t\t\t<div class=\"elementor-widget-container\">\n\t\t\t\t\t\t\t<div class=\"elementor-icon-box-wrapper\">\n\n\t\t\t\t\t\t<div class=\"elementor-icon-box-icon\">\n\t\t\t\t<a href=\"https:\/\/chiladelasal.gob.mx\/web\/transparencia\/contratos-de-obra-2022\/obras-por-licitacion\/\" class=\"elementor-icon\" tabindex=\"-1\" aria-label=\"Obras por licitaci\u00f3n\">\n\t\t\t\t<svg aria-hidden=\"true\" class=\"e-font-icon-svg e-far-folder-open\" viewBox=\"0 0 576 512\" xmlns=\"http:\/\/www.w3.org\/2000\/svg\"><path d=\"M527.9 224H480v-48c0-26.5-21.5-48-48-48H272l-64-64H48C21.5 64 0 85.5 0 112v288c0 26.5 21.5 48 48 48h400c16.5 0 31.9-8.5 40.7-22.6l79.9-128c20-31.9-3-73.4-40.7-73.4zM48 118c0-3.3 2.7-6 6-6h134.1l64 64H426c3.3 0 6 2.7 6 6v42H152c-16.8 0-32.4 8.8-41.1 23.2L48 351.4zm400 282H72l77.2-128H528z\"><\/path><\/svg>\t\t\t\t<\/a>\n\t\t\t<\/div>\n\t\t\t\n\t\t\t\t\t\t<div class=\"elementor-icon-box-content\">\n\n\t\t\t\t\t\t\t\t\t<h3 class=\"elementor-icon-box-title\">\n\t\t\t\t\t\t<a href=\"https:\/\/chiladelasal.gob.mx\/web\/transparencia\/contratos-de-obra-2022\/obras-por-licitacion\/\" >\n\t\t\t\t\t\t\tObras por licitaci\u00f3n\t\t\t\t\t\t<\/a>\n\t\t\t\t\t<\/h3>\n\t\t\t\t\n\t\t\t\t\t\t\t\t\t<p class=\"elementor-icon-box-description\">\n\t\t\t\t\t\tContratos de Obra P\u00fablica 2022 que se llevaron a cabo a trav\u00e9s de licitaci\u00f3n p\u00fablica\t\t\t\t\t<\/p>\n\t\t\t\t\n\t\t\t<\/div>\n\t\t\t\n\t\t<\/div>\n\t\t\t\t\t\t<\/div>\n\t\t\t\t<\/div>\n\t\t\t\t<\/div>\n\t\t\t\t\t<\/div>\n\t\t\t\t<\/div>\n\t\t\t\t<\/div>\n\t\t","protected":false},"excerpt":{"rendered":"<p>Adjudicaci\u00f3n Directa Contratos de Obra P\u00fablica 2022 que se llevaron a cabo a trav\u00e9s de Adjudicaci\u00f3n Directa Obras por licitaci\u00f3n Contratos de Obra P\u00fablica 2022 que se llevaron a cabo a trav\u00e9s de licitaci\u00f3n p\u00fablica<\/p>\n","protected":false},"author":1,"featured_media":0,"parent":24,"menu_order":0,"comment_status":"closed","ping_status":"closed","template":"","meta":{"footnotes":""},"class_list":["post-1033","page","type-page","status-publish","hentry"],"_links":{"self":[{"href":"https:\/\/chiladelasal.gob.mx\/web\/wp-json\/wp\/v2\/pages\/1033","targetHints":{"allow":["GET"]}}],"collection":[{"href":"https:\/\/chiladelasal.gob.mx\/web\/wp-json\/wp\/v2\/pages"}],"about":[{"href":"https:\/\/chiladelasal.gob.mx\/web\/wp-json\/wp\/v2\/types\/page"}],"author":[{"embeddable":true,"href":"https:\/\/chiladelasal.gob.mx\/web\/wp-json\/wp\/v2\/users\/1"}],"replies":[{"embeddable":true,"href":"https:\/\/chiladelasal.gob.mx\/web\/wp-json\/wp\/v2\/comments?post=1033"}],"version-history":[{"count":10,"href":"https:\/\/chiladelasal.gob.mx\/web\/wp-json\/wp\/v2\/pages\/1033\/revisions"}],"predecessor-version":[{"id":1049,"href":"https:\/\/chiladelasal.gob.mx\/web\/wp-json\/wp\/v2\/pages\/1033\/revisions\/1049"}],"up":[{"embeddable":true,"href":"https:\/\/chiladelasal.gob.mx\/web\/wp-json\/wp\/v2\/pages\/24"}],"wp:attachment":[{"href":"https:\/\/chiladelasal.gob.mx\/web\/wp-json\/wp\/v2\/media?parent=1033"}],"curies":[{"name":"wp","href":"https:\/\/api.w.org\/{rel}","templated":true}]}}