{"id":2203,"date":"2025-07-31T19:46:22","date_gmt":"2025-07-31T19:46:22","guid":{"rendered":"https:\/\/chiladelasal.gob.mx\/web\/?page_id=2203"},"modified":"2025-07-31T19:48:28","modified_gmt":"2025-07-31T19:48:28","slug":"estados-financieros-junio-2025","status":"publish","type":"page","link":"https:\/\/chiladelasal.gob.mx\/web\/informacion-financiera\/2025-2\/estados-financieros-junio-2025\/","title":{"rendered":"Estados financieros junio 2025"},"content":{"rendered":"\n<!-- Generado usando Document Gallery. Obtenga el suyo aqu\u00ed:http:\/\/wordpress.org\/extend\/plugins\/document-gallery -->\n<div id=\"document-gallery-1\" class=\"document-gallery\" data-shortcode='{\"id\":2203,\"include\":\"2204,2205,2206,2207,2208,2209,2210,2211,2212,2213,2214,2215,2216,2217,2218,2219,2220,2221,2222,2223,2224,2225,2226,2227,2228,2229\",\"exclude\":\"\",\"attachment_pg\":false,\"columns\":4,\"descriptions\":false,\"fancy\":true,\"limit\":-1,\"mime_types\":\"application,video,text,audio,image\",\"new_window\":false,\"order\":\"ASC\",\"orderby\":\"post__in\",\"paginate\":true,\"post_status\":\"any\",\"post_type\":\"attachment\",\"relation\":\"AND\",\"skip\":0}' style='--dg-icon-width: 24%'>\n<div class='document-icon-row'>\n   <div class=\"document-icon\">\n      <a href=\"https:\/\/chiladelasal.gob.mx\/web\/wp-content\/uploads\/2025\/07\/01-Estado-de-Actividades.pdf\" target=\"_self\">\n         <img decoding=\"async\" src=\"https:\/\/chiladelasal.gob.mx\/web\/wp-content\/uploads\/2025\/07\/01-Estado-de-Actividades-pdf.jpg\" title=\"01 Estado De Actividades\" alt=\"01 Estado De Actividades\" data-ext=\"pdf\"\/>\n         <span class=\"title\">01 Estado De Actividades<\/span>\n      <\/a>\n   <\/div>\n   <div class=\"document-icon\">\n      <a href=\"https:\/\/chiladelasal.gob.mx\/web\/wp-content\/uploads\/2025\/07\/02-Estado-de-Situacion-Financiera.pdf\" target=\"_self\">\n         <img decoding=\"async\" src=\"https:\/\/chiladelasal.gob.mx\/web\/wp-content\/uploads\/2025\/07\/02-Estado-de-Situacion-Financiera-pdf.jpg\" title=\"02 Estado De Situaci\u00f3n Financiera\" alt=\"02 Estado De Situaci\u00f3n Financiera\" data-ext=\"pdf\"\/>\n         <span class=\"title\">02 Estado De Situaci\u00f3n Financiera<\/span>\n      <\/a>\n   <\/div>\n   <div class=\"document-icon\">\n      <a href=\"https:\/\/chiladelasal.gob.mx\/web\/wp-content\/uploads\/2025\/07\/03-Estado-de-Variacion-en-la-Hacienda-Publica-Patrimonio.pdf\" target=\"_self\">\n         <img decoding=\"async\" src=\"https:\/\/chiladelasal.gob.mx\/web\/wp-content\/uploads\/2025\/07\/03-Estado-de-Variacion-en-la-Hacienda-Publica-Patrimonio-pdf.jpg\" title=\"03 Estado De Variaci\u00f3n En La Hacienda P\u00fablica Patrimonio\" alt=\"03 Estado De Variaci\u00f3n En La Hacienda P\u00fablica Patrimonio\" data-ext=\"pdf\"\/>\n         <span class=\"title\">03 Estado De Variaci\u00f3n En La Hacienda P\u00fablica Patrimonio<\/span>\n      <\/a>\n   <\/div>\n   <div class=\"document-icon\">\n      <a href=\"https:\/\/chiladelasal.gob.mx\/web\/wp-content\/uploads\/2025\/07\/04-Estado-de-Cambios-en-la-Situacion-Financiera.pdf\" target=\"_self\">\n         <img decoding=\"async\" src=\"https:\/\/chiladelasal.gob.mx\/web\/wp-content\/uploads\/2025\/07\/04-Estado-de-Cambios-en-la-Situacion-Financiera-pdf.jpg\" title=\"04 Estado De Cambios En La Situaci\u00f3n Financiera\" alt=\"04 Estado De Cambios En La Situaci\u00f3n Financiera\" data-ext=\"pdf\"\/>\n         <span class=\"title\">04 Estado De Cambios En La Situaci\u00f3n Financiera<\/span>\n      <\/a>\n   <\/div>\n\n<\/div>\n<div class='document-icon-row'>\n   <div class=\"document-icon\">\n      <a href=\"https:\/\/chiladelasal.gob.mx\/web\/wp-content\/uploads\/2025\/07\/05-Estado-de-Flujos-de-Efectivo.pdf\" target=\"_self\">\n         <img decoding=\"async\" src=\"https:\/\/chiladelasal.gob.mx\/web\/wp-content\/uploads\/2025\/07\/05-Estado-de-Flujos-de-Efectivo-pdf.jpg\" title=\"05 Estado De Flujos De Efectivo\" alt=\"05 Estado De Flujos De Efectivo\" data-ext=\"pdf\"\/>\n         <span class=\"title\">05 Estado De Flujos De Efectivo<\/span>\n      <\/a>\n   <\/div>\n   <div class=\"document-icon\">\n      <a href=\"https:\/\/chiladelasal.gob.mx\/web\/wp-content\/uploads\/2025\/07\/06-Informe-sobre-Pasivos-Contingentes.pdf\" target=\"_self\">\n         <img decoding=\"async\" src=\"https:\/\/chiladelasal.gob.mx\/web\/wp-content\/uploads\/2025\/07\/06-Informe-sobre-Pasivos-Contingentes-pdf.jpg\" title=\"06 Informe Sobre Pasivos Contingentes\" alt=\"06 Informe Sobre Pasivos Contingentes\" data-ext=\"pdf\"\/>\n         <span class=\"title\">06 Informe Sobre Pasivos Contingentes<\/span>\n      <\/a>\n   <\/div>\n   <div class=\"document-icon\">\n      <a href=\"https:\/\/chiladelasal.gob.mx\/web\/wp-content\/uploads\/2025\/07\/07-Estado-Analitico-del-Activo.pdf\" target=\"_self\">\n         <img decoding=\"async\" src=\"https:\/\/chiladelasal.gob.mx\/web\/wp-content\/uploads\/2025\/07\/07-Estado-Analitico-del-Activo-pdf.jpg\" title=\"07 Estado Anal\u00edtico Del Activo\" alt=\"07 Estado Anal\u00edtico Del Activo\" data-ext=\"pdf\"\/>\n         <span class=\"title\">07 Estado Anal\u00edtico Del Activo<\/span>\n      <\/a>\n   <\/div>\n   <div class=\"document-icon\">\n      <a href=\"https:\/\/chiladelasal.gob.mx\/web\/wp-content\/uploads\/2025\/07\/08-Estado-Analitico-de-la-Deuda-y-Otros-Pasivos.pdf\" target=\"_self\">\n         <img decoding=\"async\" src=\"https:\/\/chiladelasal.gob.mx\/web\/wp-content\/uploads\/2025\/07\/08-Estado-Analitico-de-la-Deuda-y-Otros-Pasivos-pdf.jpg\" title=\"08 Estado Anal\u00edtico De La Deuda Y Otros Pasivos\" alt=\"08 Estado Anal\u00edtico De La Deuda Y Otros Pasivos\" data-ext=\"pdf\"\/>\n         <span class=\"title\">08 Estado Anal\u00edtico De La Deuda Y Otros Pasivos<\/span>\n      <\/a>\n   <\/div>\n\n<\/div>\n<div class='document-icon-row'>\n   <div class=\"document-icon\">\n      <a href=\"https:\/\/chiladelasal.gob.mx\/web\/wp-content\/uploads\/2025\/07\/09-Notas-al-Estado-de-Actividades.pdf\" target=\"_self\">\n         <img decoding=\"async\" src=\"https:\/\/chiladelasal.gob.mx\/web\/wp-content\/uploads\/2025\/07\/09-Notas-al-Estado-de-Actividades-pdf.jpg\" title=\"09 Notas Al Estado De Actividades\" alt=\"09 Notas Al Estado De Actividades\" data-ext=\"pdf\"\/>\n         <span class=\"title\">09 Notas Al Estado De Actividades<\/span>\n      <\/a>\n   <\/div>\n   <div class=\"document-icon\">\n      <a href=\"https:\/\/chiladelasal.gob.mx\/web\/wp-content\/uploads\/2025\/07\/10-Notas-al-Estado-de-Situacion-Financiera.pdf\" target=\"_self\">\n         <img decoding=\"async\" src=\"https:\/\/chiladelasal.gob.mx\/web\/wp-content\/uploads\/2025\/07\/10-Notas-al-Estado-de-Situacion-Financiera-pdf-1.jpg\" title=\"10 Notas Al Estado De Situaci\u00f3n Financiera\" alt=\"10 Notas Al Estado De Situaci\u00f3n Financiera\" data-ext=\"pdf\"\/>\n         <span class=\"title\">10 Notas Al Estado De Situaci\u00f3n Financiera<\/span>\n      <\/a>\n   <\/div>\n   <div class=\"document-icon\">\n      <a href=\"https:\/\/chiladelasal.gob.mx\/web\/wp-content\/uploads\/2025\/07\/11-Notas-al-Estado-de-Variacion-en-la-Hacienda-Publica-Patrimonio.pdf\" target=\"_self\">\n         <img decoding=\"async\" src=\"https:\/\/chiladelasal.gob.mx\/web\/wp-content\/uploads\/2025\/07\/11-Notas-al-Estado-de-Variacion-en-la-Hacienda-Publica-Patrimonio-pdf-1.jpg\" title=\"11 Notas Al Estado De Variaci\u00f3n En La Hacienda P\u00fablica Patrimonio\" alt=\"11 Notas Al Estado De Variaci\u00f3n En La Hacienda P\u00fablica Patrimonio\" data-ext=\"pdf\"\/>\n         <span class=\"title\">11 Notas Al Estado De Variaci\u00f3n En La Hacienda P\u00fablica Patrimonio<\/span>\n      <\/a>\n   <\/div>\n   <div class=\"document-icon\">\n      <a href=\"https:\/\/chiladelasal.gob.mx\/web\/wp-content\/uploads\/2025\/07\/12-Notas-al-Estado-de-Flujos-de-Efectivo.pdf\" target=\"_self\">\n         <img decoding=\"async\" src=\"https:\/\/chiladelasal.gob.mx\/web\/wp-content\/uploads\/2025\/07\/12-Notas-al-Estado-de-Flujos-de-Efectivo-pdf-1.jpg\" title=\"12 Notas Al Estado De Flujos De Efectivo\" alt=\"12 Notas Al Estado De Flujos De Efectivo\" data-ext=\"pdf\"\/>\n         <span class=\"title\">12 Notas Al Estado De Flujos De Efectivo<\/span>\n      <\/a>\n   <\/div>\n\n<\/div>\n<div class='document-icon-row'>\n   <div class=\"document-icon\">\n      <a href=\"https:\/\/chiladelasal.gob.mx\/web\/wp-content\/uploads\/2025\/07\/13-Conciliaciones.pdf\" target=\"_self\">\n         <img decoding=\"async\" src=\"https:\/\/chiladelasal.gob.mx\/web\/wp-content\/uploads\/2025\/07\/13-Conciliaciones-pdf.jpg\" title=\"13 Conciliaciones\" alt=\"13 Conciliaciones\" data-ext=\"pdf\"\/>\n         <span class=\"title\">13 Conciliaciones<\/span>\n      <\/a>\n   <\/div>\n   <div class=\"document-icon\">\n      <a href=\"https:\/\/chiladelasal.gob.mx\/web\/wp-content\/uploads\/2025\/07\/14-Notas-de-Memoria.pdf\" target=\"_self\">\n         <img decoding=\"async\" src=\"https:\/\/chiladelasal.gob.mx\/web\/wp-content\/uploads\/2025\/07\/14-Notas-de-Memoria-pdf.jpg\" title=\"14 Notas De Memoria\" alt=\"14 Notas De Memoria\" data-ext=\"pdf\"\/>\n         <span class=\"title\">14 Notas De Memoria<\/span>\n      <\/a>\n   <\/div>\n   <div class=\"document-icon\">\n      <a href=\"https:\/\/chiladelasal.gob.mx\/web\/wp-content\/uploads\/2025\/07\/15-Estado-Analitico-de-Ingresos.pdf\" target=\"_self\">\n         <img decoding=\"async\" src=\"https:\/\/chiladelasal.gob.mx\/web\/wp-content\/uploads\/2025\/07\/15-Estado-Analitico-de-Ingresos-pdf-1.jpg\" title=\"15 Estado Anal\u00edtico De Ingresos\" alt=\"15 Estado Anal\u00edtico De Ingresos\" data-ext=\"pdf\"\/>\n         <span class=\"title\">15 Estado Anal\u00edtico De Ingresos<\/span>\n      <\/a>\n   <\/div>\n   <div class=\"document-icon\">\n      <a href=\"https:\/\/chiladelasal.gob.mx\/web\/wp-content\/uploads\/2025\/07\/16-Estado-Analitico-del-Ejercicio-del-presupuesto-de-Egresos-Clasificacion-por-Objeto-del-Gasto-Capitulo-y-Concepto.pdf\" target=\"_self\">\n         <img decoding=\"async\" src=\"https:\/\/chiladelasal.gob.mx\/web\/wp-content\/uploads\/2025\/07\/16-Estado-Analitico-del-Ejercicio-del-presupuesto-de-Egresos-Clasificacion-por-Objeto-del-Gasto-Capitulo-y-Concepto-pdf.jpg\" title=\"16 Estado Anal\u00edtico Del Ejercicio Del Presupuesto De Egresos Clasificaci\u00f3n Por Objeto Del Gasto (Cap\u00edtulo Y Concepto)\" alt=\"16 Estado Anal\u00edtico Del Ejercicio Del Presupuesto De Egresos Clasificaci\u00f3n Por Objeto Del Gasto (Cap\u00edtulo Y Concepto)\" data-ext=\"pdf\"\/>\n         <span class=\"title\">16 Estado Anal\u00edtico Del Ejercicio Del Presupuesto De Egresos Clasificaci\u00f3n Por Objeto Del Gasto (Cap\u00edtulo Y Concepto)<\/span>\n      <\/a>\n   <\/div>\n\n<\/div>\n<div class='document-icon-row'>\n   <div class=\"document-icon\">\n      <a href=\"https:\/\/chiladelasal.gob.mx\/web\/wp-content\/uploads\/2025\/07\/17-Estado-Analitico-del-Ejercicio-del-presupuesto-de-Egresos-Clasificacion-Economica-por-Tipo-del-Gasto.pdf\" target=\"_self\">\n         <img decoding=\"async\" src=\"https:\/\/chiladelasal.gob.mx\/web\/wp-content\/uploads\/2025\/07\/17-Estado-Analitico-del-Ejercicio-del-presupuesto-de-Egresos-Clasificacion-Economica-por-Tipo-del-Gasto-pdf.jpg\" title=\"17 Estado Anal\u00edtico Del Ejercicio Del Presupuesto De Egresos Clasificaci\u00f3n Econ\u00f3mica (por Tipo Del Gasto)\" alt=\"17 Estado Anal\u00edtico Del Ejercicio Del Presupuesto De Egresos Clasificaci\u00f3n Econ\u00f3mica (por Tipo Del Gasto)\" data-ext=\"pdf\"\/>\n         <span class=\"title\">17 Estado Anal\u00edtico Del Ejercicio Del Presupuesto De Egresos Clasificaci\u00f3n Econ\u00f3mica (por Tipo Del Gasto)<\/span>\n      <\/a>\n   <\/div>\n   <div class=\"document-icon\">\n      <a href=\"https:\/\/chiladelasal.gob.mx\/web\/wp-content\/uploads\/2025\/07\/18-Estado-Analitico-del-Ejercicio-del-presupuesto-de-Egresos-Clasificacion-Administrativa.pdf\" target=\"_self\">\n         <img decoding=\"async\" src=\"https:\/\/chiladelasal.gob.mx\/web\/wp-content\/uploads\/2025\/07\/18-Estado-Analitico-del-Ejercicio-del-presupuesto-de-Egresos-Clasificacion-Administrativa-pdf.jpg\" title=\"18 Estado Anal\u00edtico Del Ejercicio Del Presupuesto De Egresos Clasificaci\u00f3n Administrativa\" alt=\"18 Estado Anal\u00edtico Del Ejercicio Del Presupuesto De Egresos Clasificaci\u00f3n Administrativa\" data-ext=\"pdf\"\/>\n         <span class=\"title\">18 Estado Anal\u00edtico Del Ejercicio Del Presupuesto De Egresos Clasificaci\u00f3n Administrativa<\/span>\n      <\/a>\n   <\/div>\n   <div class=\"document-icon\">\n      <a href=\"https:\/\/chiladelasal.gob.mx\/web\/wp-content\/uploads\/2025\/07\/19-Estado-Analitico-del-Ejercicio-del-presupuesto-de-Egresos-Clasificacion-Funcional-Finalidad-y-Funcion.pdf\" target=\"_self\">\n         <img decoding=\"async\" src=\"https:\/\/chiladelasal.gob.mx\/web\/wp-content\/uploads\/2025\/07\/19-Estado-Analitico-del-Ejercicio-del-presupuesto-de-Egresos-Clasificacion-Funcional-Finalidad-y-Funcion-pdf.jpg\" title=\"19 Estado Anal\u00edtico Del Ejercicio Del Presupuesto De Egresos Clasificaci\u00f3n Funcional (Finalidad Y Funci\u00f3n)\" alt=\"19 Estado Anal\u00edtico Del Ejercicio Del Presupuesto De Egresos Clasificaci\u00f3n Funcional (Finalidad Y Funci\u00f3n)\" data-ext=\"pdf\"\/>\n         <span class=\"title\">19 Estado Anal\u00edtico Del Ejercicio Del Presupuesto De Egresos Clasificaci\u00f3n Funcional (Finalidad Y Funci\u00f3n)<\/span>\n      <\/a>\n   <\/div>\n   <div class=\"document-icon\">\n      <a href=\"https:\/\/chiladelasal.gob.mx\/web\/wp-content\/uploads\/2025\/07\/20-Endeudamiento-Neto.pdf\" target=\"_self\">\n         <img decoding=\"async\" src=\"https:\/\/chiladelasal.gob.mx\/web\/wp-content\/uploads\/2025\/07\/20-Endeudamiento-Neto-pdf-1.jpg\" title=\"20 Endeudamiento Neto\" alt=\"20 Endeudamiento Neto\" data-ext=\"pdf\"\/>\n         <span class=\"title\">20 Endeudamiento Neto<\/span>\n      <\/a>\n   <\/div>\n\n<\/div>\n<div class='document-icon-row'>\n   <div class=\"document-icon\">\n      <a href=\"https:\/\/chiladelasal.gob.mx\/web\/wp-content\/uploads\/2025\/07\/21-Intereses-de-la-Deuda.pdf\" target=\"_self\">\n         <img decoding=\"async\" src=\"https:\/\/chiladelasal.gob.mx\/web\/wp-content\/uploads\/2025\/07\/21-Intereses-de-la-Deuda-pdf-1.jpg\" title=\"21 Intereses De La Deuda\" alt=\"21 Intereses De La Deuda\" data-ext=\"pdf\"\/>\n         <span class=\"title\">21 Intereses De La Deuda<\/span>\n      <\/a>\n   <\/div>\n   <div class=\"document-icon\">\n      <a href=\"https:\/\/chiladelasal.gob.mx\/web\/wp-content\/uploads\/2025\/07\/22-Flujo-de-Fondos.pdf\" target=\"_self\">\n         <img decoding=\"async\" src=\"https:\/\/chiladelasal.gob.mx\/web\/wp-content\/uploads\/2025\/07\/22-Flujo-de-Fondos-pdf.jpg\" title=\"22 Flujo De Fondos\" alt=\"22 Flujo De Fondos\" data-ext=\"pdf\"\/>\n         <span class=\"title\">22 Flujo De Fondos<\/span>\n      <\/a>\n   <\/div>\n   <div class=\"document-icon\">\n      <a href=\"https:\/\/chiladelasal.gob.mx\/web\/wp-content\/uploads\/2025\/07\/23-Gasto-por-Categoria-Programatica.pdf\" target=\"_self\">\n         <img decoding=\"async\" src=\"https:\/\/chiladelasal.gob.mx\/web\/wp-content\/uploads\/2025\/07\/23-Gasto-por-Categoria-Programatica-pdf-1.jpg\" title=\"23 Gasto Por Categor\u00eda Program\u00e1tica\" alt=\"23 Gasto Por Categor\u00eda Program\u00e1tica\" data-ext=\"pdf\"\/>\n         <span class=\"title\">23 Gasto Por Categor\u00eda Program\u00e1tica<\/span>\n      <\/a>\n   <\/div>\n   <div class=\"document-icon\">\n      <a href=\"https:\/\/chiladelasal.gob.mx\/web\/wp-content\/uploads\/2025\/07\/24-Indicadores-de-Resultados.pdf\" target=\"_self\">\n         <img decoding=\"async\" src=\"https:\/\/chiladelasal.gob.mx\/web\/wp-content\/uploads\/2025\/07\/24-Indicadores-de-Resultados-pdf.jpg\" title=\"24 Indicadores De Resultados\" alt=\"24 Indicadores De Resultados\" data-ext=\"pdf\"\/>\n         <span class=\"title\">24 Indicadores De Resultados<\/span>\n      <\/a>\n   <\/div>\n\n<\/div>\n<div class='document-icon-row'>\n   <div class=\"document-icon\">\n      <a href=\"https:\/\/chiladelasal.gob.mx\/web\/wp-content\/uploads\/2025\/07\/25-Indicadores-de-Postura-Fiscal.pdf\" target=\"_self\">\n         <img decoding=\"async\" src=\"https:\/\/chiladelasal.gob.mx\/web\/wp-content\/uploads\/2025\/07\/25-Indicadores-de-Postura-Fiscal-pdf.jpg\" title=\"25 Indicadores De Postura Fiscal\" alt=\"25 Indicadores De Postura Fiscal\" data-ext=\"pdf\"\/>\n         <span class=\"title\">25 Indicadores De Postura Fiscal<\/span>\n      <\/a>\n   <\/div>\n   <div class=\"document-icon\">\n      <a href=\"https:\/\/chiladelasal.gob.mx\/web\/wp-content\/uploads\/2025\/07\/26-Programas-y-Proyectos-de-Inversion.pdf\" target=\"_self\">\n         <img decoding=\"async\" src=\"https:\/\/chiladelasal.gob.mx\/web\/wp-content\/uploads\/2025\/07\/26-Programas-y-Proyectos-de-Inversion-pdf-1.jpg\" title=\"26 Programas Y Proyectos De Inversi\u00f3n\" alt=\"26 Programas Y Proyectos De Inversi\u00f3n\" data-ext=\"pdf\"\/>\n         <span class=\"title\">26 Programas Y Proyectos De Inversi\u00f3n<\/span>\n      <\/a>\n   <\/div>\n\n<\/div>\n<\/div>\n","protected":false},"excerpt":{"rendered":"","protected":false},"author":1,"featured_media":0,"parent":2013,"menu_order":0,"comment_status":"closed","ping_status":"closed","template":"","meta":{"footnotes":""},"class_list":["post-2203","page","type-page","status-publish","hentry"],"_links":{"self":[{"href":"https:\/\/chiladelasal.gob.mx\/web\/wp-json\/wp\/v2\/pages\/2203","targetHints":{"allow":["GET"]}}],"collection":[{"href":"https:\/\/chiladelasal.gob.mx\/web\/wp-json\/wp\/v2\/pages"}],"about":[{"href":"https:\/\/chiladelasal.gob.mx\/web\/wp-json\/wp\/v2\/types\/page"}],"author":[{"embeddable":true,"href":"https:\/\/chiladelasal.gob.mx\/web\/wp-json\/wp\/v2\/users\/1"}],"replies":[{"embeddable":true,"href":"https:\/\/chiladelasal.gob.mx\/web\/wp-json\/wp\/v2\/comments?post=2203"}],"version-history":[{"count":1,"href":"https:\/\/chiladelasal.gob.mx\/web\/wp-json\/wp\/v2\/pages\/2203\/revisions"}],"predecessor-version":[{"id":2230,"href":"https:\/\/chiladelasal.gob.mx\/web\/wp-json\/wp\/v2\/pages\/2203\/revisions\/2230"}],"up":[{"embeddable":true,"href":"https:\/\/chiladelasal.gob.mx\/web\/wp-json\/wp\/v2\/pages\/2013"}],"wp:attachment":[{"href":"https:\/\/chiladelasal.gob.mx\/web\/wp-json\/wp\/v2\/media?parent=2203"}],"curies":[{"name":"wp","href":"https:\/\/api.w.org\/{rel}","templated":true}]}}