{"id":714,"date":"2022-11-22T17:43:13","date_gmt":"2022-11-22T17:43:13","guid":{"rendered":"https:\/\/chiladelasal.gob.mx\/web\/?page_id=714"},"modified":"2022-11-22T18:17:24","modified_gmt":"2022-11-22T18:17:24","slug":"estados-financieros-nsarc","status":"publish","type":"page","link":"https:\/\/chiladelasal.gob.mx\/web\/informacion-financiera\/2022-2\/estados-financieros-julio-2022\/estados-financieros-nsarc\/","title":{"rendered":"Estados Financieros NSARC"},"content":{"rendered":"\n<!-- Generado usando Document Gallery. Obtenga el suyo aqu\u00ed:http:\/\/wordpress.org\/extend\/plugins\/document-gallery -->\n<div id=\"document-gallery-1\" class=\"document-gallery\" data-shortcode='{\"id\":714,\"include\":\"570,569,568,566,567,564,560,559,561,562,563,565,558,557,556,554,555,553,546,549,548,550,551,552,547,545\",\"exclude\":\"\",\"attachment_pg\":false,\"columns\":4,\"descriptions\":false,\"fancy\":true,\"limit\":-1,\"mime_types\":\"application,video,text,audio,image\",\"new_window\":true,\"order\":\"ASC\",\"orderby\":\"post__in\",\"paginate\":true,\"post_status\":\"any\",\"post_type\":\"attachment\",\"relation\":\"AND\",\"skip\":0}' style='--dg-icon-width: 24%'>\n<div class='document-icon-row'>\n   <div class=\"document-icon\">\n      <a href=\"https:\/\/chiladelasal.gob.mx\/web\/wp-content\/uploads\/2022\/11\/Notas-de-Memoria.pdf\" target=\"_blank\">\n         <img decoding=\"async\" src=\"https:\/\/chiladelasal.gob.mx\/web\/wp-content\/plugins\/document-gallery\/src\/assets\/icons\/pdf.png\" title=\"Notas De Memoria\" alt=\"Notas De Memoria\" data-ext=\"pdf\"\/>\n         <span class=\"title\">Notas De Memoria<\/span>\n      <\/a>\n   <\/div>\n   <div class=\"document-icon\">\n      <a href=\"https:\/\/chiladelasal.gob.mx\/web\/wp-content\/uploads\/2022\/11\/Notas-al-Estado-de-Variacion-Hacienda-Publica.pdf\" target=\"_blank\">\n         <img decoding=\"async\" src=\"https:\/\/chiladelasal.gob.mx\/web\/wp-content\/plugins\/document-gallery\/src\/assets\/icons\/pdf.png\" title=\"Notas Al Estado De Variaci\u00f3n Hacienda P\u00fablica\" alt=\"Notas Al Estado De Variaci\u00f3n Hacienda P\u00fablica\" data-ext=\"pdf\"\/>\n         <span class=\"title\">Notas Al Estado De Variaci\u00f3n Hacienda P\u00fablica<\/span>\n      <\/a>\n   <\/div>\n   <div class=\"document-icon\">\n      <a href=\"https:\/\/chiladelasal.gob.mx\/web\/wp-content\/uploads\/2022\/11\/Notas-al-Estado-de-Situacion-Financiera.pdf\" target=\"_blank\">\n         <img decoding=\"async\" src=\"https:\/\/chiladelasal.gob.mx\/web\/wp-content\/plugins\/document-gallery\/src\/assets\/icons\/pdf.png\" title=\"Notas Al Estado De Situaci\u00f3n Financiera\" alt=\"Notas Al Estado De Situaci\u00f3n Financiera\" data-ext=\"pdf\"\/>\n         <span class=\"title\">Notas Al Estado De Situaci\u00f3n Financiera<\/span>\n      <\/a>\n   <\/div>\n   <div class=\"document-icon\">\n      <a href=\"https:\/\/chiladelasal.gob.mx\/web\/wp-content\/uploads\/2022\/11\/Notas-al-Estado-de-Actividades.pdf\" target=\"_blank\">\n         <img decoding=\"async\" src=\"https:\/\/chiladelasal.gob.mx\/web\/wp-content\/plugins\/document-gallery\/src\/assets\/icons\/pdf.png\" title=\"Notas Al Estado De Actividades\" alt=\"Notas Al Estado De Actividades\" data-ext=\"pdf\"\/>\n         <span class=\"title\">Notas Al Estado De Actividades<\/span>\n      <\/a>\n   <\/div>\n\n<\/div>\n<div class='document-icon-row'>\n   <div class=\"document-icon\">\n      <a href=\"https:\/\/chiladelasal.gob.mx\/web\/wp-content\/uploads\/2022\/11\/Notas-al-Estado-de-Flujos-de-Efectivo.pdf\" target=\"_blank\">\n         <img decoding=\"async\" src=\"https:\/\/chiladelasal.gob.mx\/web\/wp-content\/plugins\/document-gallery\/src\/assets\/icons\/pdf.png\" title=\"Notas Al Estado De Flujos De Efectivo\" alt=\"Notas Al Estado De Flujos De Efectivo\" data-ext=\"pdf\"\/>\n         <span class=\"title\">Notas Al Estado De Flujos De Efectivo<\/span>\n      <\/a>\n   <\/div>\n   <div class=\"document-icon\">\n      <a href=\"https:\/\/chiladelasal.gob.mx\/web\/wp-content\/uploads\/2022\/11\/Informe-sobre-Pasivos-Contingentes.pdf\" target=\"_blank\">\n         <img decoding=\"async\" src=\"https:\/\/chiladelasal.gob.mx\/web\/wp-content\/plugins\/document-gallery\/src\/assets\/icons\/pdf.png\" title=\"Informe Sobre Pasivos Contingentes\" alt=\"Informe Sobre Pasivos Contingentes\" data-ext=\"pdf\"\/>\n         <span class=\"title\">Informe Sobre Pasivos Contingentes<\/span>\n      <\/a>\n   <\/div>\n   <div class=\"document-icon\">\n      <a href=\"https:\/\/chiladelasal.gob.mx\/web\/wp-content\/uploads\/2022\/11\/Flujo-de-Fondos.pdf\" target=\"_blank\">\n         <img decoding=\"async\" src=\"https:\/\/chiladelasal.gob.mx\/web\/wp-content\/plugins\/document-gallery\/src\/assets\/icons\/pdf.png\" title=\"Flujo De Fondos\" alt=\"Flujo De Fondos\" data-ext=\"pdf\"\/>\n         <span class=\"title\">Flujo De Fondos<\/span>\n      <\/a>\n   <\/div>\n   <div class=\"document-icon\">\n      <a href=\"https:\/\/chiladelasal.gob.mx\/web\/wp-content\/uploads\/2022\/11\/Estado-de-Variacion-Hacienda-Publica.pdf\" target=\"_blank\">\n         <img decoding=\"async\" src=\"https:\/\/chiladelasal.gob.mx\/web\/wp-content\/plugins\/document-gallery\/src\/assets\/icons\/pdf.png\" title=\"Estado De Variaci\u00f3n Hacienda P\u00fablica\" alt=\"Estado De Variaci\u00f3n Hacienda P\u00fablica\" data-ext=\"pdf\"\/>\n         <span class=\"title\">Estado De Variaci\u00f3n Hacienda P\u00fablica<\/span>\n      <\/a>\n   <\/div>\n\n<\/div>\n<div class='document-icon-row'>\n   <div class=\"document-icon\">\n      <a href=\"https:\/\/chiladelasal.gob.mx\/web\/wp-content\/uploads\/2022\/11\/Gasto-por-Categoria-Programatica.pdf\" target=\"_blank\">\n         <img decoding=\"async\" src=\"https:\/\/chiladelasal.gob.mx\/web\/wp-content\/plugins\/document-gallery\/src\/assets\/icons\/pdf.png\" title=\"Gasto Por Categor\u00eda Program\u00e1tica\" alt=\"Gasto Por Categor\u00eda Program\u00e1tica\" data-ext=\"pdf\"\/>\n         <span class=\"title\">Gasto Por Categor\u00eda Program\u00e1tica<\/span>\n      <\/a>\n   <\/div>\n   <div class=\"document-icon\">\n      <a href=\"https:\/\/chiladelasal.gob.mx\/web\/wp-content\/uploads\/2022\/11\/Indicadores-de-Postura-Fiscal.pdf\" target=\"_blank\">\n         <img decoding=\"async\" src=\"https:\/\/chiladelasal.gob.mx\/web\/wp-content\/plugins\/document-gallery\/src\/assets\/icons\/pdf.png\" title=\"Indicadores De Postura Fiscal\" alt=\"Indicadores De Postura Fiscal\" data-ext=\"pdf\"\/>\n         <span class=\"title\">Indicadores De Postura Fiscal<\/span>\n      <\/a>\n   <\/div>\n   <div class=\"document-icon\">\n      <a href=\"https:\/\/chiladelasal.gob.mx\/web\/wp-content\/uploads\/2022\/11\/Indicadores-de-Resultados.pdf\" target=\"_blank\">\n         <img decoding=\"async\" src=\"https:\/\/chiladelasal.gob.mx\/web\/wp-content\/plugins\/document-gallery\/src\/assets\/icons\/pdf.png\" title=\"Indicadores De Resultados\" alt=\"Indicadores De Resultados\" data-ext=\"pdf\"\/>\n         <span class=\"title\">Indicadores De Resultados<\/span>\n      <\/a>\n   <\/div>\n   <div class=\"document-icon\">\n      <a href=\"https:\/\/chiladelasal.gob.mx\/web\/wp-content\/uploads\/2022\/11\/Interese-de-la-Deuda.pdf\" target=\"_blank\">\n         <img decoding=\"async\" src=\"https:\/\/chiladelasal.gob.mx\/web\/wp-content\/plugins\/document-gallery\/src\/assets\/icons\/pdf.png\" title=\"Interese De La Deuda\" alt=\"Interese De La Deuda\" data-ext=\"pdf\"\/>\n         <span class=\"title\">Interese De La Deuda<\/span>\n      <\/a>\n   <\/div>\n\n<\/div>\n<div class='document-icon-row'>\n   <div class=\"document-icon\">\n      <a href=\"https:\/\/chiladelasal.gob.mx\/web\/wp-content\/uploads\/2022\/11\/Estado-de-Situacion-Financiera.pdf\" target=\"_blank\">\n         <img decoding=\"async\" src=\"https:\/\/chiladelasal.gob.mx\/web\/wp-content\/plugins\/document-gallery\/src\/assets\/icons\/pdf.png\" title=\"Estado De Situaci\u00f3n Financiera\" alt=\"Estado De Situaci\u00f3n Financiera\" data-ext=\"pdf\"\/>\n         <span class=\"title\">Estado De Situaci\u00f3n Financiera<\/span>\n      <\/a>\n   <\/div>\n   <div class=\"document-icon\">\n      <a href=\"https:\/\/chiladelasal.gob.mx\/web\/wp-content\/uploads\/2022\/11\/Estado-de-Flujos-de-Efectivo.pdf\" target=\"_blank\">\n         <img decoding=\"async\" src=\"https:\/\/chiladelasal.gob.mx\/web\/wp-content\/plugins\/document-gallery\/src\/assets\/icons\/pdf.png\" title=\"Estado De Flujos De Efectivo\" alt=\"Estado De Flujos De Efectivo\" data-ext=\"pdf\"\/>\n         <span class=\"title\">Estado De Flujos De Efectivo<\/span>\n      <\/a>\n   <\/div>\n   <div class=\"document-icon\">\n      <a href=\"https:\/\/chiladelasal.gob.mx\/web\/wp-content\/uploads\/2022\/11\/Estado-de-Cambios-en-la-Situacion-Financiera.pdf\" target=\"_blank\">\n         <img decoding=\"async\" src=\"https:\/\/chiladelasal.gob.mx\/web\/wp-content\/plugins\/document-gallery\/src\/assets\/icons\/pdf.png\" title=\"Estado De Cambios En La Situaci\u00f3n Financiera\" alt=\"Estado De Cambios En La Situaci\u00f3n Financiera\" data-ext=\"pdf\"\/>\n         <span class=\"title\">Estado De Cambios En La Situaci\u00f3n Financiera<\/span>\n      <\/a>\n   <\/div>\n   <div class=\"document-icon\">\n      <a href=\"https:\/\/chiladelasal.gob.mx\/web\/wp-content\/uploads\/2022\/11\/Estado-Analitico-del-Activo.pdf\" target=\"_blank\">\n         <img decoding=\"async\" src=\"https:\/\/chiladelasal.gob.mx\/web\/wp-content\/plugins\/document-gallery\/src\/assets\/icons\/pdf.png\" title=\"Estado Anal\u00edtico Del Activo\" alt=\"Estado Anal\u00edtico Del Activo\" data-ext=\"pdf\"\/>\n         <span class=\"title\">Estado Anal\u00edtico Del Activo<\/span>\n      <\/a>\n   <\/div>\n\n<\/div>\n<div class='document-icon-row'>\n   <div class=\"document-icon\">\n      <a href=\"https:\/\/chiladelasal.gob.mx\/web\/wp-content\/uploads\/2022\/11\/Estado-de-Actividades.pdf\" target=\"_blank\">\n         <img decoding=\"async\" src=\"https:\/\/chiladelasal.gob.mx\/web\/wp-content\/plugins\/document-gallery\/src\/assets\/icons\/pdf.png\" title=\"Estado De Actividades\" alt=\"Estado De Actividades\" data-ext=\"pdf\"\/>\n         <span class=\"title\">Estado De Actividades<\/span>\n      <\/a>\n   <\/div>\n   <div class=\"document-icon\">\n      <a href=\"https:\/\/chiladelasal.gob.mx\/web\/wp-content\/uploads\/2022\/11\/Estado-Analitico-de-la-Deuda-y-Otros-Pasivos.pdf\" target=\"_blank\">\n         <img decoding=\"async\" src=\"https:\/\/chiladelasal.gob.mx\/web\/wp-content\/plugins\/document-gallery\/src\/assets\/icons\/pdf.png\" title=\"Estado Anal\u00edtico De La Deuda Y Otros Pasivos\" alt=\"Estado Anal\u00edtico De La Deuda Y Otros Pasivos\" data-ext=\"pdf\"\/>\n         <span class=\"title\">Estado Anal\u00edtico De La Deuda Y Otros Pasivos<\/span>\n      <\/a>\n   <\/div>\n   <div class=\"document-icon\">\n      <a href=\"https:\/\/chiladelasal.gob.mx\/web\/wp-content\/uploads\/2022\/11\/Conciliacion.pdf\" target=\"_blank\">\n         <img decoding=\"async\" src=\"https:\/\/chiladelasal.gob.mx\/web\/wp-content\/plugins\/document-gallery\/src\/assets\/icons\/pdf.png\" title=\"Conciliaci\u00f3n\" alt=\"Conciliaci\u00f3n\" data-ext=\"pdf\"\/>\n         <span class=\"title\">Conciliaci\u00f3n<\/span>\n      <\/a>\n   <\/div>\n   <div class=\"document-icon\">\n      <a href=\"https:\/\/chiladelasal.gob.mx\/web\/wp-content\/uploads\/2022\/11\/Estado-Analitico-Clasificacion-Economica.pdf\" target=\"_blank\">\n         <img decoding=\"async\" src=\"https:\/\/chiladelasal.gob.mx\/web\/wp-content\/plugins\/document-gallery\/src\/assets\/icons\/pdf.png\" title=\"Estado Anal\u00edtico Clasificaci\u00f3n Econ\u00f3mica\" alt=\"Estado Anal\u00edtico Clasificaci\u00f3n Econ\u00f3mica\" data-ext=\"pdf\"\/>\n         <span class=\"title\">Estado Anal\u00edtico Clasificaci\u00f3n Econ\u00f3mica<\/span>\n      <\/a>\n   <\/div>\n\n<\/div>\n<div class='document-icon-row'>\n   <div class=\"document-icon\">\n      <a href=\"https:\/\/chiladelasal.gob.mx\/web\/wp-content\/uploads\/2022\/11\/Estado-Analitico-Clasificacion-Administrativa.pdf\" target=\"_blank\">\n         <img decoding=\"async\" src=\"https:\/\/chiladelasal.gob.mx\/web\/wp-content\/plugins\/document-gallery\/src\/assets\/icons\/pdf.png\" title=\"Estado Anal\u00edtico Clasificaci\u00f3n Administrativa\" alt=\"Estado Anal\u00edtico Clasificaci\u00f3n Administrativa\" data-ext=\"pdf\"\/>\n         <span class=\"title\">Estado Anal\u00edtico Clasificaci\u00f3n Administrativa<\/span>\n      <\/a>\n   <\/div>\n   <div class=\"document-icon\">\n      <a href=\"https:\/\/chiladelasal.gob.mx\/web\/wp-content\/uploads\/2022\/11\/Estado-Analitico-Clasificacion-Funcional.pdf\" target=\"_blank\">\n         <img decoding=\"async\" src=\"https:\/\/chiladelasal.gob.mx\/web\/wp-content\/plugins\/document-gallery\/src\/assets\/icons\/pdf.png\" title=\"Estado Anal\u00edtico Clasificaci\u00f3n Funcional\" alt=\"Estado Anal\u00edtico Clasificaci\u00f3n Funcional\" data-ext=\"pdf\"\/>\n         <span class=\"title\">Estado Anal\u00edtico Clasificaci\u00f3n Funcional<\/span>\n      <\/a>\n   <\/div>\n   <div class=\"document-icon\">\n      <a href=\"https:\/\/chiladelasal.gob.mx\/web\/wp-content\/uploads\/2022\/11\/Estado-Analitico-Clasificacion-por-Objeto-del-Gasto.pdf\" target=\"_blank\">\n         <img decoding=\"async\" src=\"https:\/\/chiladelasal.gob.mx\/web\/wp-content\/plugins\/document-gallery\/src\/assets\/icons\/pdf.png\" title=\"Estado Anal\u00edtico Clasificaci\u00f3n Por Objeto Del Gasto\" alt=\"Estado Anal\u00edtico Clasificaci\u00f3n Por Objeto Del Gasto\" data-ext=\"pdf\"\/>\n         <span class=\"title\">Estado Anal\u00edtico Clasificaci\u00f3n Por Objeto Del Gasto<\/span>\n      <\/a>\n   <\/div>\n   <div class=\"document-icon\">\n      <a href=\"https:\/\/chiladelasal.gob.mx\/web\/wp-content\/uploads\/2022\/11\/Estado-Analitico-de-Ingresos.pdf\" target=\"_blank\">\n         <img decoding=\"async\" src=\"https:\/\/chiladelasal.gob.mx\/web\/wp-content\/plugins\/document-gallery\/src\/assets\/icons\/pdf.png\" title=\"Estado Anal\u00edtico De Ingresos\" alt=\"Estado Anal\u00edtico De Ingresos\" data-ext=\"pdf\"\/>\n         <span class=\"title\">Estado Anal\u00edtico De Ingresos<\/span>\n      <\/a>\n   <\/div>\n\n<\/div>\n<div class='document-icon-row'>\n   <div class=\"document-icon\">\n      <a href=\"https:\/\/chiladelasal.gob.mx\/web\/wp-content\/uploads\/2022\/11\/Endeudamiento-Neto.pdf\" target=\"_blank\">\n         <img decoding=\"async\" src=\"https:\/\/chiladelasal.gob.mx\/web\/wp-content\/plugins\/document-gallery\/src\/assets\/icons\/pdf.png\" title=\"Endeudamiento Neto\" alt=\"Endeudamiento Neto\" data-ext=\"pdf\"\/>\n         <span class=\"title\">Endeudamiento Neto<\/span>\n      <\/a>\n   <\/div>\n   <div class=\"document-icon\">\n      <a href=\"https:\/\/chiladelasal.gob.mx\/web\/wp-content\/uploads\/2022\/11\/Programas-y-Proyectos-de-Inversion.pdf\" target=\"_blank\">\n         <img decoding=\"async\" src=\"https:\/\/chiladelasal.gob.mx\/web\/wp-content\/plugins\/document-gallery\/src\/assets\/icons\/pdf.png\" title=\"Programas Y Proyectos De Inversi\u00f3n\" alt=\"Programas Y Proyectos De Inversi\u00f3n\" data-ext=\"pdf\"\/>\n         <span class=\"title\">Programas Y Proyectos De Inversi\u00f3n<\/span>\n      <\/a>\n   <\/div>\n\n<\/div>\n<\/div>\n","protected":false},"excerpt":{"rendered":"","protected":false},"author":1,"featured_media":0,"parent":697,"menu_order":0,"comment_status":"closed","ping_status":"closed","template":"","meta":{"footnotes":""},"class_list":["post-714","page","type-page","status-publish","hentry"],"_links":{"self":[{"href":"https:\/\/chiladelasal.gob.mx\/web\/wp-json\/wp\/v2\/pages\/714","targetHints":{"allow":["GET"]}}],"collection":[{"href":"https:\/\/chiladelasal.gob.mx\/web\/wp-json\/wp\/v2\/pages"}],"about":[{"href":"https:\/\/chiladelasal.gob.mx\/web\/wp-json\/wp\/v2\/types\/page"}],"author":[{"embeddable":true,"href":"https:\/\/chiladelasal.gob.mx\/web\/wp-json\/wp\/v2\/users\/1"}],"replies":[{"embeddable":true,"href":"https:\/\/chiladelasal.gob.mx\/web\/wp-json\/wp\/v2\/comments?post=714"}],"version-history":[{"count":3,"href":"https:\/\/chiladelasal.gob.mx\/web\/wp-json\/wp\/v2\/pages\/714\/revisions"}],"predecessor-version":[{"id":721,"href":"https:\/\/chiladelasal.gob.mx\/web\/wp-json\/wp\/v2\/pages\/714\/revisions\/721"}],"up":[{"embeddable":true,"href":"https:\/\/chiladelasal.gob.mx\/web\/wp-json\/wp\/v2\/pages\/697"}],"wp:attachment":[{"href":"https:\/\/chiladelasal.gob.mx\/web\/wp-json\/wp\/v2\/media?parent=714"}],"curies":[{"name":"wp","href":"https:\/\/api.w.org\/{rel}","templated":true}]}}